{"id":132,"date":"2017-05-26T15:51:48","date_gmt":"2017-05-26T17:51:48","guid":{"rendered":"http:\/\/sites.usp.br\/lme\/?page_id=132"},"modified":"2019-04-10T12:04:31","modified_gmt":"2019-04-10T15:04:31","slug":"quem-somos","status":"publish","type":"page","link":"https:\/\/www.lme.pcc.usp.br\/en\/quem-somos\/","title":{"rendered":"About us"},"content":{"rendered":"<p><\/p>\n<h1>Objetivo<\/h1>\n<p>O <strong>Laborat\u00f3rio de Microestrutura e Ecoefici\u00eancia de Materiais de Constru\u00e7\u00e3o<\/strong> <strong>(LME)<\/strong> do Departamento de Engenharia de Constru\u00e7\u00e3o Civil da Escola Polit\u00e9cnica da USP, tem por miss\u00e3o buscar desenvolver solu\u00e7\u00f5es que aumentem a <strong>ecoefici\u00eancia da constru\u00e7\u00e3o<\/strong>.<\/p>\n<h1>Vis\u00e3o<\/h1>\n<p>O desenvolvimento sustent\u00e1vel requer o desenvolvimento de solu\u00e7\u00f5es inovadoras, em especial na cadeia industrial da constru\u00e7\u00e3o. Acreditamos que as Universidades devem ser parte ativa deste processo, trabalhando em parceria com empresas e organiza\u00e7\u00f5es.<\/p>\n<h1>Metodologia<\/h1>\n<ul>\n<li>Ci\u00eancia como ferramenta para resolver problemas da sociedade;<\/li>\n<li>Abordagem multidisciplinar;<\/li>\n<li>Desenvolvimento de parcerias duradouras com empresas, universidades, ONGs, \u00f3rg\u00e3os governamentais, associa\u00e7\u00f5es setoriais.<\/li>\n<\/ul>\n<p>&nbsp;<\/p>\n<p>&nbsp;<\/p>\n<p>LME<\/p>\n<p>\n<div class=\"wpcf7 no-js\" id=\"wpcf7-f139-o1\" lang=\"pt-BR\" dir=\"ltr\" data-wpcf7-id=\"139\">\n<div class=\"screen-reader-response\"><p role=\"status\" aria-live=\"polite\" aria-atomic=\"true\"><\/p> <ul><\/ul><\/div>\n<form action=\"\/en\/wp-json\/wp\/v2\/pages\/132#wpcf7-f139-o1\" method=\"post\" class=\"wpcf7-form init\" aria-label=\"Formul\u00e1rios de contato\" novalidate=\"novalidate\" data-status=\"init\">\n<fieldset class=\"hidden-fields-container\"><input type=\"hidden\" name=\"_wpcf7\" value=\"139\" \/><input type=\"hidden\" name=\"_wpcf7_version\" value=\"6.1.5\" \/><input type=\"hidden\" name=\"_wpcf7_locale\" value=\"pt_BR\" \/><input type=\"hidden\" name=\"_wpcf7_unit_tag\" value=\"wpcf7-f139-o1\" \/><input type=\"hidden\" name=\"_wpcf7_container_post\" value=\"0\" \/><input type=\"hidden\" name=\"_wpcf7_posted_data_hash\" value=\"\" \/>\n<\/fieldset>\n<p>Seu nome (obrigat\u00f3rio)\n<\/p>\n<p><span class=\"wpcf7-form-control-wrap\" data-name=\"your-name\"><input size=\"40\" maxlength=\"400\" class=\"wpcf7-form-control wpcf7-text wpcf7-validates-as-required\" aria-required=\"true\" aria-invalid=\"false\" value=\"\" type=\"text\" name=\"your-name\" \/><\/span>\n<\/p>\n<p>Seu e-mail (obrigat\u00f3rio)\n<\/p>\n<p><span class=\"wpcf7-form-control-wrap\" data-name=\"your-email\"><input size=\"40\" maxlength=\"400\" class=\"wpcf7-form-control wpcf7-email wpcf7-validates-as-required wpcf7-text wpcf7-validates-as-email\" aria-required=\"true\" aria-invalid=\"false\" value=\"\" type=\"email\" name=\"your-email\" \/><\/span>\n<\/p>\n<p>Assunto (obrigat\u00f3rio)\n<\/p>\n<p><span class=\"wpcf7-form-control-wrap\" data-name=\"your-subject\"><input size=\"40\" maxlength=\"400\" class=\"wpcf7-form-control wpcf7-text wpcf7-validates-as-required\" aria-required=\"true\" aria-invalid=\"false\" value=\"\" type=\"text\" name=\"your-subject\" \/><\/span>\n<\/p>\n<p>Tipo de usuario\n<\/p>\n<p><span class=\"wpcf7-form-control-wrap\" data-name=\"radio-878\"><span class=\"wpcf7-form-control wpcf7-radio\"><span class=\"wpcf7-list-item first\"><input type=\"radio\" name=\"radio-878\" value=\"Estudante\" \/><span class=\"wpcf7-list-item-label\">Estudante<\/span><\/span><span class=\"wpcf7-list-item\"><input type=\"radio\" name=\"radio-878\" value=\"Professor\" \/><span class=\"wpcf7-list-item-label\">Professor<\/span><\/span><span class=\"wpcf7-list-item last\"><input type=\"radio\" name=\"radio-878\" value=\"Funcionario\" \/><span class=\"wpcf7-list-item-label\">Funcionario<\/span><\/span><\/span><\/span>\n<\/p>\n<p>Sua mensagem\n<\/p>\n<p><span class=\"wpcf7-form-control-wrap\" data-name=\"your-message\"><textarea cols=\"40\" rows=\"10\" maxlength=\"2000\" class=\"wpcf7-form-control wpcf7-textarea\" aria-invalid=\"false\" name=\"your-message\"><\/textarea><\/span>\n<\/p>\n<p><input class=\"wpcf7-form-control wpcf7-submit has-spinner\" type=\"submit\" value=\"Enviar\" \/>\n<\/p><div class=\"wpcf7-response-output\" aria-hidden=\"true\"><\/div>\n<\/form>\n<\/div>\n<\/p>","protected":false},"excerpt":{"rendered":"<p>Objetivo O Laborat\u00f3rio de Microestrutura e Ecoefici\u00eancia de Materiais de Constru\u00e7\u00e3o (LME) do Departamento de Engenharia de Constru\u00e7\u00e3o Civil da&#46;&#46;&#46;<\/p>\n","protected":false},"author":1,"featured_media":0,"parent":0,"menu_order":0,"comment_status":"closed","ping_status":"closed","template":"","meta":{"footnotes":"","_links_to":"","_links_to_target":""},"class_list":["post-132","page","type-page","status-publish","hentry"],"_links":{"self":[{"href":"https:\/\/www.lme.pcc.usp.br\/en\/wp-json\/wp\/v2\/pages\/132","targetHints":{"allow":["GET"]}}],"collection":[{"href":"https:\/\/www.lme.pcc.usp.br\/en\/wp-json\/wp\/v2\/pages"}],"about":[{"href":"https:\/\/www.lme.pcc.usp.br\/en\/wp-json\/wp\/v2\/types\/page"}],"author":[{"embeddable":true,"href":"https:\/\/www.lme.pcc.usp.br\/en\/wp-json\/wp\/v2\/users\/1"}],"replies":[{"embeddable":true,"href":"https:\/\/www.lme.pcc.usp.br\/en\/wp-json\/wp\/v2\/comments?post=132"}],"version-history":[{"count":4,"href":"https:\/\/www.lme.pcc.usp.br\/en\/wp-json\/wp\/v2\/pages\/132\/revisions"}],"predecessor-version":[{"id":702,"href":"https:\/\/www.lme.pcc.usp.br\/en\/wp-json\/wp\/v2\/pages\/132\/revisions\/702"}],"wp:attachment":[{"href":"https:\/\/www.lme.pcc.usp.br\/en\/wp-json\/wp\/v2\/media?parent=132"}],"curies":[{"name":"wp","href":"https:\/\/api.w.org\/{rel}","templated":true}]}}